{"id":2,"date":"2025-09-14T00:38:58","date_gmt":"2025-09-14T03:38:58","guid":{"rendered":"http:\/\/localhost\/?page_id=2"},"modified":"2026-03-16T17:01:41","modified_gmt":"2026-03-16T20:01:41","slug":"pagina-ejemplo","status":"publish","type":"page","link":"https:\/\/www.nutricioncibeles.com\/","title":{"rendered":"La nutrici\u00f3n va m\u00e1s all\u00e1 de la alimentaci\u00f3n"},"content":{"rendered":"\n<div class=\"wp-block-group is-nowrap is-layout-flex wp-container-core-group-is-layout-6c531013 wp-block-group-is-layout-flex\">\n<p>Hace m\u00e1s de diez a\u00f1os que trabajo con personas acompa\u00f1\u00e1ndolas a lograr sus objetivos. <br>Diez a\u00f1os en los cu\u00e1les aprend\u00ed de todo y entend\u00ed que lo que realmente me me gusta de mi trabajo es la oportunidad de adentrarme en las perspectivas y experiencias \u00fanicas de las personas, acompa\u00f1arlas en la b\u00fasqueda de equilibrio y estar presente para cuando la sensaci\u00f3n de satisfacci\u00f3n aparece y se sienten en paz y felices! <\/p>\n<\/div>\n\n\n\n<p>Cambiar la mentalidad, hacer desde lo nutritivo integralmente, sin culpa y con paz revitaliza tu cuerpo y cultiva tu intelecto.<\/p>\n\n\n\n<p>A partir de la Educaci\u00f3n alimentaria nutricional, te emancipas de la dependencia, de la duda y la culpa, porque incorporas la capacidad de tomar decisiones conscientes, cultivando as\u00ed estabilidad. Esto, a su vez, permite un bienestar integral, tanto f\u00edsico como mental y emocional. <\/p>\n\n\n\n<p>Aprovecha la libertad para trazar tu propio rumbo en esta expedici\u00f3n. Abraza cada faceta del viaje y ten\u00e9 en mente que cuando surjan incertidumbres:<\/p>\n\n\n\n<p class=\"has-text-align-center is-style-text-subtitle is-style-text-subtitle--1\"><strong>\u00a1Siempre fruta!<\/strong><\/p>\n\n\n\n<h1 class=\"wp-block-heading has-text-align-center fade_in_on_scroll\">Inclu\u00ed a la alimentaci\u00f3n en tu vida<\/h1>\n\n\n\n<p class=\"has-text-align-center fade_in_on_scroll has-accent-2-color has-text-color has-link-color has-large-font-size wp-elements-fdf3e9d749d843b04a7e960029d249f2\">Eleg\u00ed tu propia aventura<\/p>\n\n\n\n<div class=\"wp-block-columns is-layout-flex wp-container-core-columns-is-layout-28f84493 wp-block-columns-is-layout-flex\">\n<div class=\"wp-block-column is-layout-flow wp-block-column-is-layout-flow\" style=\"flex-basis:33.34%\">\n<a class=\"wp-block-create-block-cibelink-container fade_in_on_scroll\" href=\"https:\/\/www.nutricioncibeles.com\/index.php\/dialogos-nutritivos\/\">\n<figure class=\"wp-block-image size-large is-style-rounded\"><img loading=\"lazy\" decoding=\"async\" width=\"760\" height=\"1024\" src=\"https:\/\/www.nutricioncibeles.com\/wp-content\/uploads\/2026\/03\/IMG_20200916_111252-1-760x1024.jpg\" alt=\"\" class=\"wp-image-329\" style=\"aspect-ratio:1;object-fit:cover\" srcset=\"https:\/\/www.nutricioncibeles.com\/wp-content\/uploads\/2026\/03\/IMG_20200916_111252-1-760x1024.jpg 760w, https:\/\/www.nutricioncibeles.com\/wp-content\/uploads\/2026\/03\/IMG_20200916_111252-1-223x300.jpg 223w, https:\/\/www.nutricioncibeles.com\/wp-content\/uploads\/2026\/03\/IMG_20200916_111252-1-768x1034.jpg 768w, https:\/\/www.nutricioncibeles.com\/wp-content\/uploads\/2026\/03\/IMG_20200916_111252-1-1140x1536.jpg 1140w, https:\/\/www.nutricioncibeles.com\/wp-content\/uploads\/2026\/03\/IMG_20200916_111252-1-1520x2048.jpg 1520w, https:\/\/www.nutricioncibeles.com\/wp-content\/uploads\/2026\/03\/IMG_20200916_111252-1-scaled.jpg 1901w\" sizes=\"auto, (max-width: 760px) 100vw, 760px\" \/><\/figure>\n\n\n\n<p class=\"has-text-align-center\">Mi espacio de consultas &#8211; AKA Di\u00e1logos Nutritivos<\/p>\n<\/a>\n<\/div>\n\n\n\n<div class=\"wp-block-column is-layout-flow wp-block-column-is-layout-flow\" style=\"flex-basis:33.34%\">\n<a class=\"wp-block-create-block-cibelink-container fade_in_on_scroll\" href=\"https:\/\/www.nutricioncibeles.com\/index.php\/programanutricionhumanaglobal\/\">\n<figure class=\"wp-block-image size-full is-style-rounded\"><img loading=\"lazy\" decoding=\"async\" width=\"1024\" height=\"1024\" src=\"https:\/\/www.nutricioncibeles.com\/wp-content\/uploads\/2026\/03\/Programa-NHG_-Salud-y-Bienestar1.png\" alt=\"\" class=\"wp-image-328\" style=\"aspect-ratio:1;object-fit:cover\" srcset=\"https:\/\/www.nutricioncibeles.com\/wp-content\/uploads\/2026\/03\/Programa-NHG_-Salud-y-Bienestar1.png 1024w, https:\/\/www.nutricioncibeles.com\/wp-content\/uploads\/2026\/03\/Programa-NHG_-Salud-y-Bienestar1-300x300.png 300w, https:\/\/www.nutricioncibeles.com\/wp-content\/uploads\/2026\/03\/Programa-NHG_-Salud-y-Bienestar1-150x150.png 150w, https:\/\/www.nutricioncibeles.com\/wp-content\/uploads\/2026\/03\/Programa-NHG_-Salud-y-Bienestar1-768x768.png 768w\" sizes=\"auto, (max-width: 1024px) 100vw, 1024px\" \/><\/figure>\n\n\n\n<p class=\"has-text-align-center\">Mi programa de Nutrici\u00f3n Humana Global: un camino a la libertad alimentaria<\/p>\n<\/a>\n<\/div>\n\n\n\n<div class=\"wp-block-column is-layout-flow wp-block-column-is-layout-flow\" style=\"flex-basis:33.33%\">\n<a class=\"wp-block-create-block-cibelink-container fade_in_on_scroll\" href=\"https:\/\/masticartuvida.substack.com\/about\">\n<figure class=\"wp-block-image size-large is-style-rounded\"><img loading=\"lazy\" decoding=\"async\" width=\"766\" height=\"1024\" src=\"https:\/\/www.nutricioncibeles.com\/wp-content\/uploads\/2026\/03\/SAVE_20211030_164500-766x1024.jpg\" alt=\"\" class=\"wp-image-330\" style=\"aspect-ratio:1;object-fit:cover\" srcset=\"https:\/\/www.nutricioncibeles.com\/wp-content\/uploads\/2026\/03\/SAVE_20211030_164500-766x1024.jpg 766w, https:\/\/www.nutricioncibeles.com\/wp-content\/uploads\/2026\/03\/SAVE_20211030_164500-224x300.jpg 224w, https:\/\/www.nutricioncibeles.com\/wp-content\/uploads\/2026\/03\/SAVE_20211030_164500-768x1027.jpg 768w, https:\/\/www.nutricioncibeles.com\/wp-content\/uploads\/2026\/03\/SAVE_20211030_164500-1149x1536.jpg 1149w, https:\/\/www.nutricioncibeles.com\/wp-content\/uploads\/2026\/03\/SAVE_20211030_164500.jpg 1197w\" sizes=\"auto, (max-width: 766px) 100vw, 766px\" \/><\/figure>\n\n\n\n<p class=\"has-text-align-center\">Mis productos varios<\/p>\n<\/a>\n<\/div>\n<\/div>\n\n\n\n<p class=\"has-text-align-center\">Si quisieras ponerte en contacto no dudes en escribirme al siguiente email:<\/p>\n\n\n\n<p class=\"has-text-align-center\"><a href=\"mailto:liccibelesguerrero@gmail.com\">liccibelesguerrero@gmail.com<\/a><\/p>\n\n\n\n<div style=\"margin-top:var(--wp--preset--spacing--20);margin-bottom:var(--wp--preset--spacing--20);height:9px\" aria-hidden=\"true\" class=\"wp-block-spacer\"><\/div>\n","protected":false},"excerpt":{"rendered":"<p>Hace m\u00e1s de diez a\u00f1os que trabajo con personas acompa\u00f1\u00e1ndolas a lograr sus objetivos. Diez a\u00f1os en los cu\u00e1les aprend\u00ed de todo y entend\u00ed que lo que realmente me me gusta de mi trabajo es la oportunidad de adentrarme en las perspectivas y experiencias \u00fanicas de las personas, acompa\u00f1arlas en la b\u00fasqueda de equilibrio y [&hellip;]<\/p>\n","protected":false},"author":1,"featured_media":0,"parent":0,"menu_order":0,"comment_status":"closed","ping_status":"open","template":"","meta":{"footnotes":""},"class_list":["post-2","page","type-page","status-publish","hentry"],"yoast_head":"<!-- This site is optimized with the Yoast SEO plugin v26.0 - https:\/\/yoast.com\/wordpress\/plugins\/seo\/ -->\n<title>La nutrici\u00f3n va m\u00e1s all\u00e1 de la alimentaci\u00f3n - Nutricion Cibeles<\/title>\n<meta name=\"robots\" content=\"noindex, follow, max-snippet:-1, max-image-preview:large, max-video-preview:-1\" \/>\n<meta property=\"og:locale\" content=\"es_ES\" \/>\n<meta property=\"og:type\" content=\"article\" \/>\n<meta property=\"og:title\" content=\"La nutrici\u00f3n va m\u00e1s all\u00e1 de la alimentaci\u00f3n - Nutricion Cibeles\" \/>\n<meta property=\"og:description\" content=\"Hace m\u00e1s de diez a\u00f1os que trabajo con personas acompa\u00f1\u00e1ndolas a lograr sus objetivos. Diez a\u00f1os en los cu\u00e1les aprend\u00ed de todo y entend\u00ed que lo que realmente me me gusta de mi trabajo es la oportunidad de adentrarme en las perspectivas y experiencias \u00fanicas de las personas, acompa\u00f1arlas en la b\u00fasqueda de equilibrio y [&hellip;]\" \/>\n<meta property=\"og:url\" content=\"https:\/\/www.nutricioncibeles.com\/\" \/>\n<meta property=\"og:site_name\" content=\"Nutricion Cibeles\" \/>\n<meta property=\"article:modified_time\" content=\"2026-03-16T20:01:41+00:00\" \/>\n<meta property=\"og:image\" content=\"https:\/\/www.nutricioncibeles.com\/wp-content\/uploads\/2026\/03\/IMG_20200916_111252-1-scaled.jpg\" \/>\n\t<meta property=\"og:image:width\" content=\"1901\" \/>\n\t<meta property=\"og:image:height\" content=\"2560\" \/>\n\t<meta property=\"og:image:type\" content=\"image\/jpeg\" \/>\n<meta name=\"twitter:card\" content=\"summary_large_image\" \/>\n<meta name=\"twitter:label1\" content=\"Tiempo de lectura\" \/>\n\t<meta name=\"twitter:data1\" content=\"2 minutos\" \/>\n<script type=\"application\/ld+json\" class=\"yoast-schema-graph\">{\"@context\":\"https:\/\/schema.org\",\"@graph\":[{\"@type\":\"WebPage\",\"@id\":\"https:\/\/www.nutricioncibeles.com\/\",\"url\":\"https:\/\/www.nutricioncibeles.com\/\",\"name\":\"La nutrici\u00f3n va m\u00e1s all\u00e1 de la alimentaci\u00f3n - Nutricion Cibeles\",\"isPartOf\":{\"@id\":\"https:\/\/nutricioncibeles.freeddns.org\/#website\"},\"primaryImageOfPage\":{\"@id\":\"https:\/\/www.nutricioncibeles.com\/#primaryimage\"},\"image\":{\"@id\":\"https:\/\/www.nutricioncibeles.com\/#primaryimage\"},\"thumbnailUrl\":\"https:\/\/www.nutricioncibeles.com\/wp-content\/uploads\/2026\/03\/IMG_20200916_111252-1-760x1024.jpg\",\"datePublished\":\"2025-09-14T03:38:58+00:00\",\"dateModified\":\"2026-03-16T20:01:41+00:00\",\"breadcrumb\":{\"@id\":\"https:\/\/www.nutricioncibeles.com\/#breadcrumb\"},\"inLanguage\":\"es-AR\",\"potentialAction\":[{\"@type\":\"ReadAction\",\"target\":[\"https:\/\/www.nutricioncibeles.com\/\"]}]},{\"@type\":\"ImageObject\",\"inLanguage\":\"es-AR\",\"@id\":\"https:\/\/www.nutricioncibeles.com\/#primaryimage\",\"url\":\"https:\/\/www.nutricioncibeles.com\/wp-content\/uploads\/2026\/03\/IMG_20200916_111252-1-scaled.jpg\",\"contentUrl\":\"https:\/\/www.nutricioncibeles.com\/wp-content\/uploads\/2026\/03\/IMG_20200916_111252-1-scaled.jpg\",\"width\":1901,\"height\":2560},{\"@type\":\"BreadcrumbList\",\"@id\":\"https:\/\/www.nutricioncibeles.com\/#breadcrumb\",\"itemListElement\":[{\"@type\":\"ListItem\",\"position\":1,\"name\":\"Inicio\",\"item\":\"https:\/\/www.nutricioncibeles.com\/\"},{\"@type\":\"ListItem\",\"position\":2,\"name\":\"La nutrici\u00f3n va m\u00e1s all\u00e1 de la alimentaci\u00f3n\"}]},{\"@type\":\"WebSite\",\"@id\":\"https:\/\/nutricioncibeles.freeddns.org\/#website\",\"url\":\"https:\/\/nutricioncibeles.freeddns.org\/\",\"name\":\"Nutricion Cibeles\",\"description\":\"Cibeles Guerrero licenciada en nutrici\u00f3n\",\"publisher\":{\"@id\":\"https:\/\/nutricioncibeles.freeddns.org\/#organization\"},\"potentialAction\":[{\"@type\":\"SearchAction\",\"target\":{\"@type\":\"EntryPoint\",\"urlTemplate\":\"https:\/\/nutricioncibeles.freeddns.org\/?s={search_term_string}\"},\"query-input\":{\"@type\":\"PropertyValueSpecification\",\"valueRequired\":true,\"valueName\":\"search_term_string\"}}],\"inLanguage\":\"es-AR\"},{\"@type\":\"Organization\",\"@id\":\"https:\/\/nutricioncibeles.freeddns.org\/#organization\",\"name\":\"Nutricion Cibeles\",\"url\":\"https:\/\/nutricioncibeles.freeddns.org\/\",\"logo\":{\"@type\":\"ImageObject\",\"inLanguage\":\"es-AR\",\"@id\":\"https:\/\/nutricioncibeles.freeddns.org\/#\/schema\/logo\/image\/\",\"url\":\"https:\/\/www.nutricioncibeles.com\/wp-content\/uploads\/2025\/10\/NC2_3.png\",\"contentUrl\":\"https:\/\/www.nutricioncibeles.com\/wp-content\/uploads\/2025\/10\/NC2_3.png\",\"width\":543,\"height\":542,\"caption\":\"Nutricion Cibeles\"},\"image\":{\"@id\":\"https:\/\/nutricioncibeles.freeddns.org\/#\/schema\/logo\/image\/\"}}]}<\/script>\n<!-- \/ Yoast SEO plugin. -->","yoast_head_json":{"title":"La nutrici\u00f3n va m\u00e1s all\u00e1 de la alimentaci\u00f3n - Nutricion Cibeles","robots":{"index":"noindex","follow":"follow","max-snippet":"max-snippet:-1","max-image-preview":"max-image-preview:large","max-video-preview":"max-video-preview:-1"},"og_locale":"es_ES","og_type":"article","og_title":"La nutrici\u00f3n va m\u00e1s all\u00e1 de la alimentaci\u00f3n - Nutricion Cibeles","og_description":"Hace m\u00e1s de diez a\u00f1os que trabajo con personas acompa\u00f1\u00e1ndolas a lograr sus objetivos. Diez a\u00f1os en los cu\u00e1les aprend\u00ed de todo y entend\u00ed que lo que realmente me me gusta de mi trabajo es la oportunidad de adentrarme en las perspectivas y experiencias \u00fanicas de las personas, acompa\u00f1arlas en la b\u00fasqueda de equilibrio y [&hellip;]","og_url":"https:\/\/www.nutricioncibeles.com\/","og_site_name":"Nutricion Cibeles","article_modified_time":"2026-03-16T20:01:41+00:00","og_image":[{"width":1901,"height":2560,"url":"https:\/\/www.nutricioncibeles.com\/wp-content\/uploads\/2026\/03\/IMG_20200916_111252-1-scaled.jpg","type":"image\/jpeg"}],"twitter_card":"summary_large_image","twitter_misc":{"Tiempo de lectura":"2 minutos"},"schema":{"@context":"https:\/\/schema.org","@graph":[{"@type":"WebPage","@id":"https:\/\/www.nutricioncibeles.com\/","url":"https:\/\/www.nutricioncibeles.com\/","name":"La nutrici\u00f3n va m\u00e1s all\u00e1 de la alimentaci\u00f3n - Nutricion Cibeles","isPartOf":{"@id":"https:\/\/nutricioncibeles.freeddns.org\/#website"},"primaryImageOfPage":{"@id":"https:\/\/www.nutricioncibeles.com\/#primaryimage"},"image":{"@id":"https:\/\/www.nutricioncibeles.com\/#primaryimage"},"thumbnailUrl":"https:\/\/www.nutricioncibeles.com\/wp-content\/uploads\/2026\/03\/IMG_20200916_111252-1-760x1024.jpg","datePublished":"2025-09-14T03:38:58+00:00","dateModified":"2026-03-16T20:01:41+00:00","breadcrumb":{"@id":"https:\/\/www.nutricioncibeles.com\/#breadcrumb"},"inLanguage":"es-AR","potentialAction":[{"@type":"ReadAction","target":["https:\/\/www.nutricioncibeles.com\/"]}]},{"@type":"ImageObject","inLanguage":"es-AR","@id":"https:\/\/www.nutricioncibeles.com\/#primaryimage","url":"https:\/\/www.nutricioncibeles.com\/wp-content\/uploads\/2026\/03\/IMG_20200916_111252-1-scaled.jpg","contentUrl":"https:\/\/www.nutricioncibeles.com\/wp-content\/uploads\/2026\/03\/IMG_20200916_111252-1-scaled.jpg","width":1901,"height":2560},{"@type":"BreadcrumbList","@id":"https:\/\/www.nutricioncibeles.com\/#breadcrumb","itemListElement":[{"@type":"ListItem","position":1,"name":"Inicio","item":"https:\/\/www.nutricioncibeles.com\/"},{"@type":"ListItem","position":2,"name":"La nutrici\u00f3n va m\u00e1s all\u00e1 de la alimentaci\u00f3n"}]},{"@type":"WebSite","@id":"https:\/\/nutricioncibeles.freeddns.org\/#website","url":"https:\/\/nutricioncibeles.freeddns.org\/","name":"Nutricion Cibeles","description":"Cibeles Guerrero licenciada en nutrici\u00f3n","publisher":{"@id":"https:\/\/nutricioncibeles.freeddns.org\/#organization"},"potentialAction":[{"@type":"SearchAction","target":{"@type":"EntryPoint","urlTemplate":"https:\/\/nutricioncibeles.freeddns.org\/?s={search_term_string}"},"query-input":{"@type":"PropertyValueSpecification","valueRequired":true,"valueName":"search_term_string"}}],"inLanguage":"es-AR"},{"@type":"Organization","@id":"https:\/\/nutricioncibeles.freeddns.org\/#organization","name":"Nutricion Cibeles","url":"https:\/\/nutricioncibeles.freeddns.org\/","logo":{"@type":"ImageObject","inLanguage":"es-AR","@id":"https:\/\/nutricioncibeles.freeddns.org\/#\/schema\/logo\/image\/","url":"https:\/\/www.nutricioncibeles.com\/wp-content\/uploads\/2025\/10\/NC2_3.png","contentUrl":"https:\/\/www.nutricioncibeles.com\/wp-content\/uploads\/2025\/10\/NC2_3.png","width":543,"height":542,"caption":"Nutricion Cibeles"},"image":{"@id":"https:\/\/nutricioncibeles.freeddns.org\/#\/schema\/logo\/image\/"}}]}},"_links":{"self":[{"href":"https:\/\/www.nutricioncibeles.com\/index.php\/wp-json\/wp\/v2\/pages\/2","targetHints":{"allow":["GET"]}}],"collection":[{"href":"https:\/\/www.nutricioncibeles.com\/index.php\/wp-json\/wp\/v2\/pages"}],"about":[{"href":"https:\/\/www.nutricioncibeles.com\/index.php\/wp-json\/wp\/v2\/types\/page"}],"author":[{"embeddable":true,"href":"https:\/\/www.nutricioncibeles.com\/index.php\/wp-json\/wp\/v2\/users\/1"}],"replies":[{"embeddable":true,"href":"https:\/\/www.nutricioncibeles.com\/index.php\/wp-json\/wp\/v2\/comments?post=2"}],"version-history":[{"count":52,"href":"https:\/\/www.nutricioncibeles.com\/index.php\/wp-json\/wp\/v2\/pages\/2\/revisions"}],"predecessor-version":[{"id":346,"href":"https:\/\/www.nutricioncibeles.com\/index.php\/wp-json\/wp\/v2\/pages\/2\/revisions\/346"}],"wp:attachment":[{"href":"https:\/\/www.nutricioncibeles.com\/index.php\/wp-json\/wp\/v2\/media?parent=2"}],"curies":[{"name":"wp","href":"https:\/\/api.w.org\/{rel}","templated":true}]}}